{"id":31336,"date":"2022-01-02T19:53:34","date_gmt":"2022-01-02T18:53:34","guid":{"rendered":"https:\/\/www.hochzeits-djs.at\/home\/?page_id=31336"},"modified":"2026-04-21T21:28:17","modified_gmt":"2026-04-21T19:28:17","slug":"djs","status":"publish","type":"page","link":"https:\/\/www.hochzeits-djs.at\/home\/djs\/","title":{"rendered":"DJs"},"content":{"rendered":"<p>[et_pb_section fb_built=&#8220;1&#8243; _builder_version=&#8220;4.16&#8243; _module_preset=&#8220;default&#8220; background_image=&#8220;https:\/\/www.hochzeits-djs.at\/home\/wp-content\/uploads\/2019\/05\/Hintergrund_gro%C3%9F.jpg&#8220; custom_padding=&#8220;0px||54px||false|false&#8220; global_colors_info=&#8220;{}&#8220;][et_pb_row _builder_version=&#8220;4.16&#8243; _module_preset=&#8220;default&#8220; custom_margin=&#8220;|auto||auto|false|false&#8220; custom_padding=&#8220;60px||27px||false|false&#8220; global_colors_info=&#8220;{}&#8220;][et_pb_column type=&#8220;4_4&#8243; _builder_version=&#8220;4.16&#8243; _module_preset=&#8220;default&#8220; global_colors_info=&#8220;{}&#8220;][et_pb_text _builder_version=&#8220;4.23&#8243; _module_preset=&#8220;default&#8220; text_font_size=&#8220;18px&#8220; global_colors_info=&#8220;{}&#8220;]<\/p>\n<h1 style=\"text-align: center;\"><strong>DJs | Team<\/strong><\/h1>\n<p>[\/et_pb_text][\/et_pb_column][\/et_pb_row][et_pb_row column_structure=&#8220;3_5,2_5&#8243; _builder_version=&#8220;4.16&#8243; _module_preset=&#8220;default&#8220; global_colors_info=&#8220;{}&#8220;][et_pb_column type=&#8220;3_5&#8243; _builder_version=&#8220;4.16&#8243; _module_preset=&#8220;default&#8220; global_colors_info=&#8220;{}&#8220;][et_pb_text content_tablet=&#8220;<\/p>\n<p style=%22text-align: justify;%22>Liebe Hochzeitspaare!<\/p>\n<p style=%22text-align: justify;%22>Da ich in der gl\u00fccklichen Lage bin, oft schon sehr fr\u00fch gebucht zu werden, aber auch immer wieder Erholungspausen und Zeit f\u00fcr die Familie ben\u00f6tige, habe ich in den letzten Jahren ein tolles DJ-Team um mich aufgebaut. Alle <span>verfolgen dabei einen niveauvollen &#038; zuvorkommenden Stil, um euren \u201egro\u00dfen Tag\u201c bestm\u00f6glich zu begleiten.<\/span> Wir greifen auf das gleiche umfangreiche Musikrepertoire zur\u00fcck und verwenden dasselbe hochwertige Equipment.<\/p>\n<p style=%22text-align: justify;%22>Chris, Torsten, Patrick und David sind auch gute Freunde von mir, sehr verl\u00e4sslich und wurden nat\u00fcrlich von mir speziell f\u00fcr Hochzeiten umfangreich eingeschult.<\/p>\n<p style=%22text-align: justify;%22>Sollte ich selbst keine Zeit haben, wird das nat\u00fcrlich immer gleich nach eurer Anfrage offen kommuniziert. Und f\u00fcr Fragen stehe ich euch, auch wenn meine Kollegen gebucht werden, gerne zur Verf\u00fcgung.<\/p>\n<p style=%22text-align: justify;%22>Euer Hochzeits-DJ Markus Weiss<\/p>\n<p>&#8220; content_phone=&#8220;<\/p>\n<p style=%22text-align: left;%22>Liebe Hochzeitspaare!<\/p>\n<p style=%22text-align: left;%22>Da ich in der gl\u00fccklichen Lage bin, oft schon sehr fr\u00fch gebucht zu werden, aber auch immer wieder Erholungspausen und Zeit f\u00fcr die Familie ben\u00f6tige, habe ich in den letzten Jahren ein tolles DJ-Team um mich aufgebaut. Alle <span>verfolgen dabei einen niveauvollen &#038; zuvorkommenden Stil, um euren \u201egro\u00dfen Tag\u201c bestm\u00f6glich zu begleiten.<\/span> Wir greifen auf das gleiche umfangreiche Musikrepertoire zur\u00fcck und verwenden dasselbe hochwertige Equipment.<\/p>\n<p style=%22text-align: left;%22>Chris, Torsten, Patrick und David sind auch gute Freunde von mir, sehr verl\u00e4sslich und wurden nat\u00fcrlich von mir speziell f\u00fcr Hochzeiten umfangreich eingeschult.<\/p>\n<p style=%22text-align: left;%22>Sollte ich selbst keine Zeit haben, wird das nat\u00fcrlich immer gleich nach eurer Anfrage offen kommuniziert. Und f\u00fcr Fragen stehe ich euch, auch wenn meine Kollegen gebucht werden, gerne zur Verf\u00fcgung.<\/p>\n<p style=%22text-align: left;%22>Euer Hochzeits-DJ Markus Weiss<\/p>\n<p>&#8220; content_last_edited=&#8220;on|tablet&#8220; _builder_version=&#8220;4.23&#8243; _module_preset=&#8220;default&#8220; text_font_size=&#8220;16px&#8220; global_colors_info=&#8220;{}&#8220;]<\/p>\n<p style=\"text-align: right;\">Liebe Hochzeitspaare!<\/p>\n<p style=\"text-align: right;\">Da ich in der gl\u00fccklichen Lage bin, oft schon sehr fr\u00fch gebucht zu werden, aber auch immer wieder Erholungspausen und Zeit f\u00fcr die Familie ben\u00f6tige, habe ich in den letzten Jahren ein tolles DJ-Team um mich aufgebaut. Alle <span>verfolgen dabei einen niveauvollen &amp; zuvorkommenden Stil, um euren \u201egro\u00dfen Tag\u201c bestm\u00f6glich zu begleiten.<\/span> Wir greifen auf das gleiche umfangreiche Musikrepertoire zur\u00fcck und verwenden dasselbe hochwertige Equipment.<\/p>\n<p style=\"text-align: right;\">Chris, Torsten, Patrick und David sind auch gute Freunde von mir, sehr verl\u00e4sslich und wurden nat\u00fcrlich von mir speziell f\u00fcr Hochzeiten umfangreich eingeschult.<\/p>\n<p style=\"text-align: right;\">Sollte ich selbst keine Zeit haben, wird das nat\u00fcrlich immer gleich nach eurer Anfrage offen kommuniziert. Und f\u00fcr Fragen stehe ich euch, auch wenn meine Kollegen gebucht werden, gerne zur Verf\u00fcgung.<\/p>\n<p style=\"text-align: right;\">Euer Hochzeits-DJ Markus Weiss<\/p>\n<p style=\"text-align: right;\">[\/et_pb_text][\/et_pb_column][et_pb_column type=&#8220;2_5&#8243; _builder_version=&#8220;4.16&#8243; _module_preset=&#8220;default&#8220; global_colors_info=&#8220;{}&#8220;][et_pb_image src=&#8220;https:\/\/www.hochzeits-djs.at\/home\/wp-content\/uploads\/2023\/11\/DJs-Team-Foto_web-1.jpg&#8220; title_text=&#8220;DJs Team-Foto_web&#8220; _builder_version=&#8220;4.23&#8243; _module_preset=&#8220;default&#8220; global_colors_info=&#8220;{}&#8220;][\/et_pb_image][\/et_pb_column][\/et_pb_row][et_pb_row _builder_version=&#8220;4.16&#8243; _module_preset=&#8220;default&#8220; custom_margin=&#8220;4px|auto||auto||&#8220; global_colors_info=&#8220;{}&#8220;][et_pb_column type=&#8220;4_4&#8243; _builder_version=&#8220;4.16&#8243; _module_preset=&#8220;default&#8220; global_colors_info=&#8220;{}&#8220;][et_pb_text _builder_version=&#8220;4.16&#8243; _module_preset=&#8220;default&#8220; text_font_size=&#8220;18px&#8220; global_colors_info=&#8220;{}&#8220;]<\/p>\n<p style=\"text-align: center;\"><strong>Ich m\u00f6chte euch hier ein paar Informationen \u00fcber meine lieben Kollegen geben:<\/strong><\/p>\n<p>[\/et_pb_text][\/et_pb_column][\/et_pb_row][et_pb_row column_structure=&#8220;1_3,2_3&#8243; _builder_version=&#8220;4.16&#8243; _module_preset=&#8220;default&#8220; global_colors_info=&#8220;{}&#8220;][et_pb_column type=&#8220;1_3&#8243; _builder_version=&#8220;4.16&#8243; _module_preset=&#8220;default&#8220; global_colors_info=&#8220;{}&#8220;][et_pb_image src=&#8220;https:\/\/www.hochzeits-djs.at\/home\/wp-content\/uploads\/2023\/11\/DJ-Chris-Hoefler-web-1.jpg&#8220; title_text=&#8220;DJ Chris H\u00f6fler web&#8220; _builder_version=&#8220;4.23&#8243; _module_preset=&#8220;default&#8220; global_colors_info=&#8220;{}&#8220;][\/et_pb_image][\/et_pb_column][et_pb_column type=&#8220;2_3&#8243; _builder_version=&#8220;4.16&#8243; _module_preset=&#8220;default&#8220; global_colors_info=&#8220;{}&#8220;][et_pb_text content_tablet=&#8220;<\/p>\n<p><strong>DJ Chris H\u00f6fler<\/strong><\/p>\n<p>Chris sorgt schon seit \u00fcber 10 Jahren auf unz\u00e4hligen WM-Sounds BALLDISCO&#8217;s, bei vielen anderen Events und in Clubs\/Lokalen als \u201eChris Mastermind\u201c f\u00fcr Stimmung. Er kann super moderieren und beim Mixen ist er sicher der Perfektionist von uns f\u00fcnf, denn die &#8218;Beat-Sync&#8216; Taste ben\u00f6tigt er nie. \ud83d\ude42<br \/>Seit vier Jahren hat er auch sehr viele Erfahrungen bei Hochzeiten gesammelt. Die Charts der letzten 15 Jahre und aktuelle Clubmusik (House\/Electro\/EDM) sind sein Spezialgebiet, aber auch in jedem anderen Musikgenre kann er eure G\u00e4ste als %22Allrounder%22 perfekt unterhalten.<\/p>\n<p>Neben der Musik sind die Gesetze seine zweite Leidenschaft, nach seinem abgeschlossenen Jus-Studium arbeitet er zur Zeit in einer Kanzlei in Graz und auch am Doktorat.<\/p>\n<p>&#8220; content_phone=&#8220;<\/p>\n<p><strong>DJ Chris H\u00f6fler<\/strong><\/p>\n<p>Chris sorgt schon seit \u00fcber 10 Jahren auf unz\u00e4hligen WM-Sounds BALLDISCO&#8217;s, bei vielen anderen Events und in Clubs\/Lokalen als \u201eChris Mastermind\u201c f\u00fcr Stimmung. Er kann super moderieren und beim Mixen ist er sicher der Perfektionist von uns f\u00fcnf, denn die &#8218;Beat-Sync&#8216; Taste ben\u00f6tigt er nie. \ud83d\ude42<br \/>Seit vier Jahren hat er auch sehr viele Erfahrungen bei Hochzeiten gesammelt. Die Charts der letzten 15 Jahre und aktuelle Clubmusik (House\/Electro\/EDM) sind sein Spezialgebiet, aber auch in jedem anderen Musikgenre kann er eure G\u00e4ste als %22Allrounder%22 perfekt unterhalten.<\/p>\n<p>Neben der Musik sind die Gesetze seine zweite Leidenschaft, nach seinem abgeschlossenen Jus-Studium arbeitet er zur Zeit in einer Kanzlei in Graz und auch am Doktorat.<\/p>\n<p>&#8220; content_last_edited=&#8220;on|phone&#8220; _builder_version=&#8220;4.23&#8243; _module_preset=&#8220;default&#8220; text_font_size=&#8220;16px&#8220; global_colors_info=&#8220;{}&#8220;]<\/p>\n<p><strong><\/strong><\/p>\n<p><strong>DJ Chris H\u00f6fler<\/strong><\/p>\n<p>Chris sorgt schon seit 15 Jahren auf unz\u00e4hligen WM-Sounds BALLDISCO&#8217;s, bei vielen anderen Events und in Clubs\/Lokalen als \u201eChris Mastermind\u201c f\u00fcr beste Stimmung. Er kann super moderieren und beim Mixen ist er sicher der Perfektionist von uns f\u00fcnf, denn die &#8218;Beat-Sync&#8216; Taste ben\u00f6tigt er nie. \ud83d\ude42<br \/>Seit \u00fcber f\u00fcnf Jahren hat er auch sehr viele Erfahrungen bei Hochzeiten gesammelt. Die Charts der letzten 20 Jahre und aktuelle Clubmusik (House\/Electro\/EDM) sind sein Spezialgebiet, aber auch mit dem Mikrofon\u00a0und in jedem anderen Musikgenre kann er eure G\u00e4ste als &#8222;Allrounder&#8220; perfekt unterhalten.<\/p>\n<p>Neben der Musik sind die Gesetze seine zweite Leidenschaft, nach seinem abgeschlossenen Jus-Studium arbeitet er zur Zeit in einer Kanzlei in Graz und auch am Doktorat.<\/p>\n<p>[\/et_pb_text][\/et_pb_column][\/et_pb_row][et_pb_row column_structure=&#8220;1_3,2_3&#8243; _builder_version=&#8220;4.16&#8243; _module_preset=&#8220;default&#8220; global_colors_info=&#8220;{}&#8220;][et_pb_column type=&#8220;1_3&#8243; _builder_version=&#8220;4.16&#8243; _module_preset=&#8220;default&#8220; global_colors_info=&#8220;{}&#8220;][et_pb_image src=&#8220;https:\/\/www.hochzeits-djs.at\/home\/wp-content\/uploads\/2023\/11\/DJ-Torsten-Scheer-web.jpg&#8220; title_text=&#8220;DJ Torsten Scheer web&#8220; src_tablet=&#8220;https:\/\/www.hochzeits-djs.at\/home\/wp-content\/uploads\/2023\/11\/DJ-Torsten-Scheer-web.jpg&#8220; src_phone=&#8220;https:\/\/www.hochzeits-djs.at\/home\/wp-content\/uploads\/2023\/11\/DJ-Torsten-Scheer-web.jpg&#8220; src_last_edited=&#8220;on|phone&#8220; _builder_version=&#8220;4.23&#8243; _module_preset=&#8220;default&#8220; global_colors_info=&#8220;{}&#8220;][\/et_pb_image][\/et_pb_column][et_pb_column type=&#8220;2_3&#8243; _builder_version=&#8220;4.16&#8243; _module_preset=&#8220;default&#8220; global_colors_info=&#8220;{}&#8220;][et_pb_text content_tablet=&#8220;<\/p>\n<p style=%22text-align: left;%22><strong>DJ Torsten Scheer<\/strong><\/p>\n<p style=%22text-align: left;%22>Torsten hat als Einziger von uns vieren als \u201eDJ Reto\u201c bereits mit Vinyl aufgelegt und schon zu Beginn immer gern f\u00fcr die Moderation zum Mikro gegriffen. Mit ihm habe ich zusammen im Jahr 2000 meine DJ-Karriere gestartet, wir haben auf unz\u00e4hligen Maturab\u00e4llen, Vereinsfesten, in Lokalen und auch Gro\u00dfraumdiscotheken f\u00fcr Stimmung gesorgt. Vor vier Jahren habe ich ihn sozusagen aus der DJ-Pension zur\u00fcckgeholt, er hat mich zuerst bei Hochzeiten begleitet, danach in den letzten 3 Jahren selbst sehr oft f\u00fcr Stimmung gesorgt und ist so zum richtigen Wedding-Spezialisten geworden.<\/p>\n<p style=%22text-align: left;%22>Neben dem Sound der 90er, 2000er und jedem Song der Freude verbreitet, ist das Backen seine gro\u00dfe Leidenschaft. Seit 2023 ist Torsten B\u00e4ckermeister mit eigener Backstube und als stolzer Vater von 3 Kindern ein absoluter Familienmensch.<\/p>\n<p>&#8220; content_phone=&#8220;<\/p>\n<p style=%22text-align: left;%22><strong>DJ Torsten Scheer<\/strong><\/p>\n<p style=%22text-align: left;%22>Torsten hat als Einziger von uns vieren als \u201eDJ Reto\u201c bereits mit Vinyl aufgelegt und schon zu Beginn immer gern f\u00fcr die Moderation zum Mikro gegriffen. Mit ihm habe ich zusammen im Jahr 2000 meine DJ-Karriere gestartet, wir haben auf unz\u00e4hligen Maturab\u00e4llen, Vereinsfesten, in Lokalen und auch Gro\u00dfraumdiscotheken f\u00fcr Stimmung gesorgt. Vor vier Jahren habe ich ihn sozusagen aus der DJ-Pension zur\u00fcckgeholt, er hat mich zuerst bei Hochzeiten begleitet, danach in den letzten 3 Jahren selbst sehr oft f\u00fcr Stimmung gesorgt und ist so zum richtigen Wedding-Spezialisten geworden.<\/p>\n<p style=%22text-align: left;%22>Neben dem Sound der 90er, 2000er und jedem Song der Freude verbreitet, ist das Backen seine gro\u00dfe Leidenschaft. Seit 2023 ist Torsten B\u00e4ckermeister mit eigener Backstube und als stolzer Vater von 3 Kindern ein absoluter Familienmensch.<\/p>\n<p>&#8220; content_last_edited=&#8220;on|phone&#8220; _builder_version=&#8220;4.23&#8243; _module_preset=&#8220;default&#8220; text_font_size=&#8220;16px&#8220; global_colors_info=&#8220;{}&#8220;]<\/p>\n<p style=\"text-align: left;\"><strong><br \/>DJ Torsten Scheer<\/strong><\/p>\n<p style=\"text-align: left;\">Torsten hat als Einziger von uns vieren als \u201eDJ Reto\u201c bereits mit Vinyl aufgelegt und schon zu Beginn immer gern f\u00fcr die Moderation zum Mikro gegriffen. Mit ihm habe ich zusammen im Jahr 2000 meine DJ-Karriere gestartet, wir haben auf unz\u00e4hligen Maturab\u00e4llen, Vereinsfesten, in Lokalen und auch Gro\u00dfraumdiscotheken f\u00fcr Stimmung gesorgt. Vor sechs Jahren habe ich ihn sozusagen aus der DJ-Pension zur\u00fcckgeholt, er hat mich zuerst bei Hochzeiten begleitet, danach in den letzten 4 Jahren selbst sehr oft f\u00fcr Stimmung gesorgt und ist so zum richtigen Wedding-Spezialisten geworden.<\/p>\n<p style=\"text-align: left;\">Neben dem Sound der 90er, 2000er und jedem Song der Freude verbreitet, ist das Backen seine gro\u00dfe Leidenschaft. Seit 2023 ist Torsten B\u00e4ckermeister mit eigener Backstube und als stolzer Vater von 3 Kindern ein absoluter Familienmensch.<\/p>\n<p>[\/et_pb_text][\/et_pb_column][\/et_pb_row][et_pb_row column_structure=&#8220;1_3,2_3&#8243; _builder_version=&#8220;4.16&#8243; _module_preset=&#8220;default&#8220; global_colors_info=&#8220;{}&#8220;][et_pb_column type=&#8220;1_3&#8243; _builder_version=&#8220;4.16&#8243; _module_preset=&#8220;default&#8220; global_colors_info=&#8220;{}&#8220;][et_pb_image src=&#8220;https:\/\/www.hochzeits-djs.at\/home\/wp-content\/uploads\/2023\/11\/DJ-David-Mueller-web.jpg&#8220; title_text=&#8220;DJ David M\u00fcller web&#8220; _builder_version=&#8220;4.23&#8243; _module_preset=&#8220;default&#8220; global_colors_info=&#8220;{}&#8220;][\/et_pb_image][\/et_pb_column][et_pb_column type=&#8220;2_3&#8243; _builder_version=&#8220;4.16&#8243; _module_preset=&#8220;default&#8220; global_colors_info=&#8220;{}&#8220;][et_pb_text content_tablet=&#8220;<\/p>\n<p style=%22text-align: left;%22><strong>DJ David M\u00fcller<\/strong><\/p>\n<p style=%22text-align: left;%22>Seit 2023 ist David neu in unserem Hochzeits-DJ-Team. Sehr viel Erfahrung hat er trotzdem schon gesammelt, da er seit Jahren bei Maturab\u00e4llen, Events und in Clubs als %22Dave Miller%22 f\u00fcr Stimmung sorgt. Auch von Firmen wird er regelm\u00e4\u00dfig gebucht und da er in einem Tanzlokal seine erste DJ-Zeit verbracht hat, kann er auch alle %22Fox-T\u00e4nzerInnen%22 mit den richtigen Songs versorgen. \ud83d\ude42<br \/>Die aktuellen Charts, Clubmusik (House\/Electro\/EDM) sind sein Spezialgebiet, aber nat\u00fcrlich wurde er von uns ausf\u00fchrlich bei Hochzeiten eingeschult. Dadurch kennt er die wichtigsten Br\u00e4uche\/Spiele und kann eure G\u00e4ste in vielen weiteren Musikgenres perfekt unterhalten.<\/p>\n<p style=%22text-align: left;%22>Privat ist er sehr aktiv, neben dem Laufen z\u00e4hlen Tennis, Klettern und Wandern zu seinen Hobbies. Seit dem Abschluss seiner Studien ist er zudem als Projektleiter im Graz t\u00e4tig.<\/p>\n<p>&#8220; content_phone=&#8220;<\/p>\n<p style=%22text-align: left;%22><strong>DJ David M\u00fcller<\/strong><\/p>\n<p style=%22text-align: left;%22>Seit 2023 ist David neu in unserem Hochzeits-DJ-Team. Sehr viel Erfahrung hat er trotzdem schon gesammelt, da er seit Jahren bei Maturab\u00e4llen, Events und in Clubs als %22Dave Miller%22 f\u00fcr Stimmung sorgt. Auch von Firmen wird er regelm\u00e4\u00dfig gebucht und da er in einem Tanzlokal seine erste DJ-Zeit verbracht hat, kann er auch alle %22Fox-T\u00e4nzerInnen%22 mit den richtigen Songs versorgen. \ud83d\ude42<br \/>Die aktuellen Charts, Clubmusik (House\/Electro\/EDM) sind sein Spezialgebiet, aber nat\u00fcrlich wurde er von uns ausf\u00fchrlich bei Hochzeiten eingeschult. Dadurch kennt er die wichtigsten Br\u00e4uche\/Spiele und kann eure G\u00e4ste in vielen weiteren Musikgenres perfekt unterhalten.<\/p>\n<p style=%22text-align: left;%22>Privat ist er sehr aktiv, neben dem Laufen z\u00e4hlen Tennis, Klettern und Wandern zu seinen Hobbies. Seit dem Abschluss seiner Studien ist er zudem als Projektleiter im Graz t\u00e4tig.<\/p>\n<p>&#8220; content_last_edited=&#8220;on|phone&#8220; _builder_version=&#8220;4.23&#8243; _module_preset=&#8220;default&#8220; text_font_size=&#8220;16px&#8220; global_colors_info=&#8220;{}&#8220;]<\/p>\n<p style=\"text-align: left;\"><strong><br \/>DJ David M\u00fcller<\/strong><\/p>\n<p style=\"text-align: left;\">Seit 2023 ist David in unserem Hochzeits-DJ-Team. Sehr viel Erfahrung hat er davor schon gesammelt, da er seit Jahren bei Maturab\u00e4llen, Events und in Clubs als &#8222;Dave Miller&#8220; f\u00fcr Stimmung sorgt. Auch von Firmen wird er regelm\u00e4\u00dfig gebucht und da er in einem Tanzlokal seine erste DJ-Zeit verbracht hat, kann er auch &#8222;Fox-T\u00e4nzerInnen&#8220; mit den richtigen Songs versorgen. \ud83d\ude42 <br \/>Aktuelle Charts, Clubmusik, aber auch Rock\/Metal (als Festival-Fan) sind sein Spezialgebiet und nat\u00fcrlich wurde er ausf\u00fchrlich bei Hochzeiten eingeschult. Dadurch kennt er die Br\u00e4uche\/Spiele und kann eure G\u00e4ste in vielen Musikgenres perfekt unterhalten.<\/p>\n<p style=\"text-align: left;\">Privat ist er sehr aktiv, neben dem Laufen z\u00e4hlen Tennis und Wandern zu seinen Hobbies. Neben der Musik ist das Fliegen seine gro\u00dfe Leidenschaft, deshalb hat er auch den Flugschein gemacht. Seit dem Abschluss seiner Studien ist er als Projektleiter im Graz t\u00e4tig.<\/p>\n<p>[\/et_pb_text][\/et_pb_column][\/et_pb_row][et_pb_row column_structure=&#8220;1_3,2_3&#8243; _builder_version=&#8220;4.16&#8243; _module_preset=&#8220;default&#8220; global_colors_info=&#8220;{}&#8220;][et_pb_column type=&#8220;1_3&#8243; _builder_version=&#8220;4.16&#8243; _module_preset=&#8220;default&#8220; global_colors_info=&#8220;{}&#8220;][et_pb_image src=&#8220;https:\/\/www.hochzeits-djs.at\/home\/wp-content\/uploads\/2023\/11\/DJ-Patrick-Graupp-web-1.jpg&#8220; title_text=&#8220;DJ Patrick Graupp web&#8220; _builder_version=&#8220;4.23&#8243; _module_preset=&#8220;default&#8220; global_colors_info=&#8220;{}&#8220;][\/et_pb_image][\/et_pb_column][et_pb_column type=&#8220;2_3&#8243; _builder_version=&#8220;4.16&#8243; _module_preset=&#8220;default&#8220; global_colors_info=&#8220;{}&#8220;][et_pb_text content_tablet=&#8220;<\/p>\n<p style=%22text-align: left;%22><strong>DJ Patrick Graupp<\/strong><\/p>\n<p style=%22text-align: left;%22>Patrick ist vor einigen Jahren von der Steiermark in die N\u00e4he von Eisenstadt gezogen, auch sehr aktiv in der Freiwilligen Feuerwehr Steinbrunn und deswegen nicht mehr so oft wie fr\u00fcher als Hochzeits-DJ unterwegs. Seine Leidenschaft neben der Musik geh\u00f6rt der Fliegerei. Er war viele Jahre auch als Lichttechniker im Einsatz und bereits seit 2014 wird er sehr gerne als Hochzeits-DJ gebucht. Patrick ist musikalisch ein absoluter \u201eAllrounder\u201c, er ist immer gut drauf und wie wir alle ein sehr positiver Mensch.<\/p>\n<p style=%22text-align: left;%22>Als Luftfahrttechniker mit abgeschlossenem FH-Studium ist er neben Events der Feuerwehr auch immer wieder als Moderator bei Flugveranstaltungen im Einsatz und f\u00fchlt sich so auch mit dem Mikrofon sehr wohl.<\/p>\n<p>&#8220; content_phone=&#8220;<\/p>\n<p style=%22text-align: left;%22><strong>DJ Patrick Graupp<\/strong><\/p>\n<p style=%22text-align: left;%22>Patrick ist vor einigen Jahren von der Steiermark in die N\u00e4he von Eisenstadt gezogen, auch sehr aktiv in der Freiwilligen Feuerwehr Steinbrunn und deswegen nicht mehr so oft wie fr\u00fcher als Hochzeits-DJ unterwegs. Seine Leidenschaft neben der Musik geh\u00f6rt der Fliegerei. Er war viele Jahre auch als Lichttechniker im Einsatz und bereits seit 2014 wird er sehr gerne als Hochzeits-DJ gebucht. Patrick ist musikalisch ein absoluter \u201eAllrounder\u201c, er ist immer gut drauf und wie wir alle ein sehr positiver Mensch.<\/p>\n<p style=%22text-align: left;%22>Als Luftfahrttechniker mit abgeschlossenem FH-Studium ist er neben Events der Feuerwehr auch immer wieder als Moderator bei Flugveranstaltungen im Einsatz und f\u00fchlt sich so auch mit dem Mikrofon sehr wohl.<\/p>\n<p>&#8220; content_last_edited=&#8220;on|phone&#8220; _builder_version=&#8220;4.23&#8243; _module_preset=&#8220;default&#8220; text_font_size=&#8220;16px&#8220; global_colors_info=&#8220;{}&#8220;]<\/p>\n<p style=\"text-align: left;\"><strong><br \/>DJ Patrick Graupp<\/strong><\/p>\n<p style=\"text-align: left;\">Patrick ist vor einigen Jahren von der Steiermark in die N\u00e4he von Eisenstadt gezogen, auch sehr aktiv in der Freiwilligen Feuerwehr Steinbrunn und deswegen nicht mehr so oft wie fr\u00fcher als Hochzeits-DJ unterwegs. Seine Leidenschaft neben der Musik geh\u00f6rt seit langer Zeit der Fliegerei. Er war viele Jahre auch als Lichttechniker im Einsatz und bereits seit 2014 wird er sehr gerne als Hochzeits-DJ gebucht. Patrick ist musikalisch ein absoluter \u201eAllrounder\u201c, er ist immer gut drauf und wie wir alle ein sehr positiver Mensch.<\/p>\n<p style=\"text-align: left;\">Als Luftfahrttechniker und angehender Hubschrauberpilot ist er neben Events der Feuerwehr auch immer wieder als Moderator bei Flugveranstaltungen im Einsatz und f\u00fchlt sich so auch mit dem Mikrofon sehr wohl.<\/p>\n<p>[\/et_pb_text][\/et_pb_column][\/et_pb_row][\/et_pb_section]<\/p>\n","protected":false},"excerpt":{"rendered":"<p>DJs | TeamLiebe Hochzeitspaare! Da ich in der gl\u00fccklichen Lage bin, oft schon sehr fr\u00fch gebucht zu werden, aber auch immer wieder Erholungspausen und Zeit f\u00fcr die Familie ben\u00f6tige, habe ich in den letzten Jahren ein tolles DJ-Team um mich aufgebaut. Alle verfolgen dabei einen niveauvollen &amp; zuvorkommenden Stil, um euren \u201egro\u00dfen Tag\u201c bestm\u00f6glich zu [&hellip;]<\/p>\n","protected":false},"author":1,"featured_media":0,"parent":0,"menu_order":0,"comment_status":"closed","ping_status":"closed","template":"","meta":{"_et_pb_use_builder":"on","_et_pb_old_content":"","_et_gb_content_width":"","footnotes":""},"class_list":["post-31336","page","type-page","status-publish","hentry"],"_links":{"self":[{"href":"https:\/\/www.hochzeits-djs.at\/home\/wp-json\/wp\/v2\/pages\/31336","targetHints":{"allow":["GET"]}}],"collection":[{"href":"https:\/\/www.hochzeits-djs.at\/home\/wp-json\/wp\/v2\/pages"}],"about":[{"href":"https:\/\/www.hochzeits-djs.at\/home\/wp-json\/wp\/v2\/types\/page"}],"author":[{"embeddable":true,"href":"https:\/\/www.hochzeits-djs.at\/home\/wp-json\/wp\/v2\/users\/1"}],"replies":[{"embeddable":true,"href":"https:\/\/www.hochzeits-djs.at\/home\/wp-json\/wp\/v2\/comments?post=31336"}],"version-history":[{"count":88,"href":"https:\/\/www.hochzeits-djs.at\/home\/wp-json\/wp\/v2\/pages\/31336\/revisions"}],"predecessor-version":[{"id":33323,"href":"https:\/\/www.hochzeits-djs.at\/home\/wp-json\/wp\/v2\/pages\/31336\/revisions\/33323"}],"wp:attachment":[{"href":"https:\/\/www.hochzeits-djs.at\/home\/wp-json\/wp\/v2\/media?parent=31336"}],"curies":[{"name":"wp","href":"https:\/\/api.w.org\/{rel}","templated":true}]}}