{"id":32802,"date":"2025-05-20T16:42:51","date_gmt":"2025-05-20T14:42:51","guid":{"rendered":"https:\/\/www.hochzeits-djs.at\/home\/?page_id=32802"},"modified":"2025-07-14T11:05:13","modified_gmt":"2025-07-14T09:05:13","slug":"show","status":"publish","type":"page","link":"https:\/\/www.hochzeits-djs.at\/home\/show\/","title":{"rendered":"Sax &#8211; Show"},"content":{"rendered":"<p>[et_pb_section fb_built=&#8220;1&#8243; fullwidth=&#8220;on&#8220; _builder_version=&#8220;4.16&#8243; custom_padding=&#8220;0px|0px|0|0px|false|false&#8220; global_colors_info=&#8220;{}&#8220;][et_pb_fullwidth_slider _builder_version=&#8220;4.27.4&#8243; custom_padding=&#8220;||33vw&#8220; custom_padding_tablet=&#8220;||40vw&#8220; custom_padding_phone=&#8220;||40vw&#8220; custom_padding_last_edited=&#8220;on|desktop&#8220; auto=&#8220;on&#8220; auto_speed=&#8220;5000&#8243; hover_enabled=&#8220;0&#8243; global_colors_info=&#8220;{}&#8220; sticky_enabled=&#8220;0&#8243;][et_pb_slide _builder_version=&#8220;4.27.4&#8243; _module_preset=&#8220;default&#8220; background_image=&#8220;https:\/\/www.hochzeits-djs.at\/home\/wp-content\/uploads\/2025\/05\/Foto-mit-AWA-16-9.jpg&#8220; background_enable_image=&#8220;on&#8220; global_colors_info=&#8220;{}&#8220; sticky_transition=&#8220;on&#8220;][\/et_pb_slide][et_pb_slide _builder_version=&#8220;4.27.4&#8243; _module_preset=&#8220;default&#8220; use_background_color_gradient=&#8220;on&#8220; background_image=&#8220;https:\/\/www.hochzeits-djs.at\/home\/wp-content\/uploads\/2025\/06\/spiegelman_01.jpg&#8220; background_enable_image=&#8220;on&#8220; global_colors_info=&#8220;{}&#8220; sticky_transition=&#8220;on&#8220;][\/et_pb_slide][et_pb_slide _builder_version=&#8220;4.27.4&#8243; _module_preset=&#8220;default&#8220; background_image=&#8220;https:\/\/www.hochzeits-djs.at\/home\/wp-content\/uploads\/2025\/07\/spiegelmann-led-kostuem-scaled.jpeg&#8220; background_enable_image=&#8220;on&#8220; hover_enabled=&#8220;0&#8243; global_colors_info=&#8220;{}&#8220; sticky_transition=&#8220;on&#8220; alt=&#8220;DJ Markus Weiss &#038; der Spiegelmann Sax Show&#8220; title_text=&#8220;DJ Markus Weiss &#038; der Spiegelmann Sax Show&#8220; sticky_enabled=&#8220;0&#8243;][\/et_pb_slide][et_pb_slide _builder_version=&#8220;4.27.4&#8243; _module_preset=&#8220;default&#8220; background_image=&#8220;https:\/\/www.hochzeits-djs.at\/home\/wp-content\/uploads\/2025\/06\/spiegelman_04.jpeg&#8220; background_enable_image=&#8220;on&#8220; global_colors_info=&#8220;{}&#8220; sticky_transition=&#8220;on&#8220;][\/et_pb_slide][et_pb_slide _builder_version=&#8220;4.27.4&#8243; _module_preset=&#8220;default&#8220; background_image=&#8220;https:\/\/www.hochzeits-djs.at\/home\/wp-content\/uploads\/2025\/07\/spiegelmann-spruehkerze-scaled.jpeg&#8220; background_enable_image=&#8220;on&#8220; hover_enabled=&#8220;0&#8243; global_colors_info=&#8220;{}&#8220; sticky_transition=&#8220;on&#8220; alt=&#8220;DJ Markus Weiss &#038; der Spiegelmann Sax Show&#8220; title_text=&#8220;DJ Markus Weiss &#038; der Spiegelmann Sax Show&#8220; sticky_enabled=&#8220;0&#8243;][\/et_pb_slide][\/et_pb_fullwidth_slider][\/et_pb_section][et_pb_section fb_built=&#8220;1&#8243; _builder_version=&#8220;4.16&#8243; background_image=&#8220;https:\/\/www.hochzeits-djs.at\/home\/wp-content\/uploads\/2019\/05\/Hintergrund_gro\u00df.jpg&#8220; custom_margin=&#8220;||0px|||&#8220; custom_padding=&#8220;40px|0px|45px|0px|false|false&#8220; global_colors_info=&#8220;{}&#8220;][et_pb_row _builder_version=&#8220;4.16&#8243; global_colors_info=&#8220;{}&#8220;][et_pb_column type=&#8220;4_4&#8243; _builder_version=&#8220;4.16&#8243; custom_padding=&#8220;|||&#8220; global_colors_info=&#8220;{}&#8220; custom_padding__hover=&#8220;|||&#8220;][et_pb_text _builder_version=&#8220;4.27.4&#8243; text_font=&#8220;||||||||&#8220; text_font_size=&#8220;20px&#8220; link_font=&#8220;||||||||&#8220; header_font=&#8220;||||||||&#8220; header_2_font=&#8220;||||||||&#8220; custom_padding=&#8220;3px|||||&#8220; global_colors_info=&#8220;{}&#8220;]<\/p>\n<h2 style=\"text-align: center;\"><b>Hochzeits-DJ&#8217;s feat. &#8222;Der Spiegelmann&#8220; Sax Show &#8211; <\/b><\/h2>\n<h2 style=\"text-align: center;\"><b>Das preisgekr\u00f6nte Showhighlight f\u00fcr eure Traumhochzeit!<\/b><\/h2>\n<p>[\/et_pb_text][\/et_pb_column][\/et_pb_row][et_pb_row column_structure=&#8220;1_2,1_2&#8243; _builder_version=&#8220;4.27.4&#8243; _module_preset=&#8220;default&#8220; global_colors_info=&#8220;{}&#8220;][et_pb_column type=&#8220;1_2&#8243; _builder_version=&#8220;4.27.4&#8243; _module_preset=&#8220;default&#8220; global_colors_info=&#8220;{}&#8220;][et_pb_text _builder_version=&#8220;4.27.4&#8243; text_font=&#8220;||||||||&#8220; text_font_size=&#8220;16px&#8220; global_colors_info=&#8220;{}&#8220;]<\/p>\n<div class=\"\" data-block=\"true\" data-editor=\"ajrak\" data-offset-key=\"duhvb-0-0\" style=\"text-align: left;\"><\/div>\n<div class=\"\" data-block=\"true\" data-editor=\"ajrak\" data-offset-key=\"duhvb-0-0\" style=\"text-align: left;\"><\/div>\n<div class=\"\" data-block=\"true\" data-editor=\"ajrak\" data-offset-key=\"duhvb-0-0\" style=\"text-align: left;\">\n<div data-offset-key=\"duhvb-0-0\" class=\"_1mf _1mj\" style=\"text-align: left;\">\n<p data-start=\"303\" data-end=\"349\" class=\"\"><strong data-start=\"303\" data-end=\"349\">Ihr sucht ein Highlight, das eure Hochzeit noch<br \/><\/strong><strong data-start=\"303\" data-end=\"349\">unvergesslicher macht?\u00a0<\/strong><\/p>\n<p data-start=\"351\" data-end=\"608\" class=\"\">Dann haben wir genau das Richtige f\u00fcr euch:<\/p>\n<p data-start=\"351\" data-end=\"608\" class=\"\"><strong data-start=\"507\" data-end=\"534\">&#8222;Die Spiegelman&#8220; Sax Show<\/strong> <span>\u2013 kombiniert mit dem gewohnt herausragenden Sound von <\/span><strong data-start=\"412\" data-end=\"441\">DJ Markus Weiss &amp; Team<\/strong>.<\/p>\n<p data-start=\"351\" data-end=\"608\" class=\"\"><span>Hier trifft mitrei\u00dfende DJ-Musik, die eure Party zum Kochen bringt, auf eine energiegeladene Live-Saxophon-Performance. <\/span><span>Der Spiegelman mischt sich mitten unter die G\u00e4ste, tanzt, spielt und begeistert mit futuristischen Outfits, stimmungsvollen Lichteffekten und einer mitrei\u00dfenden Performance, die f\u00fcr G\u00e4nsehaut sorgt \u2013 ein Wow-Moment, der allen lange im Ged\u00e4chtnis bleibt.<\/span><br \/><span><\/span><\/p>\n<p data-start=\"1004\" data-end=\"1206\" class=\"\">Ein ganz neues Erlebnis \u2013 und genau das hat auch die Jury des <strong data-start=\"1070\" data-end=\"1097\">Austrian Wedding Awards 2025<\/strong> \u00fcberzeugt:<br data-start=\"1106\" data-end=\"1109\" \/><strong data-start=\"1109\" data-end=\"1162\"><\/strong><\/p>\n<p data-start=\"1004\" data-end=\"1206\" class=\"\"><strong data-start=\"1109\" data-end=\"1162\">Bronze in der Kategorie &#8222;Entertainment Highlight&#8220;<\/strong> \u2013 unter \u00fcber 1.100 eingereichten Projekten!<\/p>\n<p data-start=\"1208\" data-end=\"1361\" class=\"\"><span>Der Award best\u00e4tigt, dass die Kombination aus professionellem DJ-Service, modernster Technik und der spektakul\u00e4ren Live-Saxophon-Show des Spiegelmanns ein einzigartiges Entertainment-Highlight schafft, das eure Hochzeit auf ein ganz neues Level hebt<\/span>.<\/p>\n<p><strong><span>Neugierig geworden? Dann meldet euch gern f\u00fcr ein unverbindliches Vorgespr\u00e4ch. <a href=\"https:\/\/www.hochzeits-djs.at\/home\/kontakt\/\"><span>&gt;&gt;<\/span> <\/a><span style=\"text-decoration: underline;\"><a href=\"https:\/\/www.hochzeits-djs.at\/home\/kontakt\/\">zur KONTAKTSEITE<\/a><\/span><\/span><\/strong><\/p>\n<p><span>Euer Hochzeits-DJ Markus Weiss &amp; Team<\/span><strong><a href=\"https:\/\/vimeo.com\/1047886295\/a05f65f776\"><\/a><\/strong><span><\/span><\/p>\n<p>&nbsp;<\/p>\n<\/div>\n<\/div>\n<div class=\"\" data-block=\"true\" data-editor=\"ajrak\" data-offset-key=\"9kmv0-0-0\" style=\"text-align: left;\">\n<div data-offset-key=\"9kmv0-0-0\" class=\"_1mf _1mj\"><span style=\"font-size: 16px;\"><\/span><\/div>\n<\/div>\n<p>[\/et_pb_text][\/et_pb_column][et_pb_column type=&#8220;1_2&#8243; _builder_version=&#8220;4.27.4&#8243; _module_preset=&#8220;default&#8220; global_colors_info=&#8220;{}&#8220;][et_pb_image src=&#8220;https:\/\/www.hochzeits-djs.at\/home\/wp-content\/uploads\/2025\/07\/spiegelmann-und-markus-weiss-scaled.jpeg&#8220; alt=&#8220;DJ Markus Weiss &#038; der Spiegelmann Sax Show&#8220; title_text=&#8220;DJ Markus Weiss &#038; der Spiegelmann Sax Show&#8220; _builder_version=&#8220;4.27.4&#8243; _module_preset=&#8220;default&#8220; width=&#8220;100%&#8220; module_alignment=&#8220;center&#8220; hover_enabled=&#8220;0&#8243; global_colors_info=&#8220;{}&#8220; sticky_enabled=&#8220;0&#8243;][\/et_pb_image][\/et_pb_column][\/et_pb_row][et_pb_row _builder_version=&#8220;4.27.4&#8243; _module_preset=&#8220;default&#8220; custom_padding=&#8220;||15px|||&#8220; global_colors_info=&#8220;{}&#8220;][et_pb_column type=&#8220;4_4&#8243; _builder_version=&#8220;4.27.4&#8243; _module_preset=&#8220;default&#8220; global_colors_info=&#8220;{}&#8220;][et_pb_text _builder_version=&#8220;4.27.4&#8243; _module_preset=&#8220;default&#8220; hover_enabled=&#8220;0&#8243; inline_fonts=&#8220;Arial&#8220; global_colors_info=&#8220;{}&#8220; sticky_enabled=&#8220;0&#8243;]<\/p>\n<p style=\"text-align: center;\"><span style=\"font-family: Arial; font-weight: normal; font-size: medium;\">In diesem Video steht ihr zwei Beispiele mit der &#8222;Hochzeit-DJ &amp; Der Spiegelman Sax-Show&#8220; &gt;&gt; <span style=\"text-decoration: underline;\"><strong><a href=\"https:\/\/vimeo.com\/1047886295\/a05f65f776\">zum VIDEO<\/a><\/strong><\/span><\/span><\/p>\n<p>[\/et_pb_text][\/et_pb_column][\/et_pb_row][\/et_pb_section][et_pb_section fb_built=&#8220;1&#8243; _builder_version=&#8220;4.16&#8243; background_color=&#8220;#eaeaea&#8220; background_image=&#8220;https:\/\/www.hochzeits-djs.at\/home\/wp-content\/uploads\/2019\/05\/Hintergrund_gro\u00df.jpg&#8220; custom_padding=&#8220;0px|0px|1px|0px|false|false&#8220; global_colors_info=&#8220;{}&#8220;][et_pb_row use_custom_gutter=&#8220;on&#8220; gutter_width=&#8220;1&#8243; module_class=&#8220; et_pb_row_fullwidth&#8220; _builder_version=&#8220;4.16&#8243; background_color=&#8220;#eaeaea&#8220; width=&#8220;100%&#8220; width_tablet=&#8220;100%&#8220; width_phone=&#8220;&#8220; width_last_edited=&#8220;on|desktop&#8220; max_width=&#8220;100%&#8220; max_width_tablet=&#8220;100%&#8220; max_width_phone=&#8220;&#8220; max_width_last_edited=&#8220;on|desktop&#8220; custom_margin=&#8220;|0px|10px|0px||true&#8220; custom_padding=&#8220;0px|0px|0|0px|false|false&#8220; make_fullwidth=&#8220;on&#8220; global_colors_info=&#8220;{}&#8220;][et_pb_column type=&#8220;4_4&#8243; _builder_version=&#8220;4.16&#8243; custom_padding=&#8220;|||&#8220; global_colors_info=&#8220;{}&#8220; custom_padding__hover=&#8220;|||&#8220;][dica_divi_carousel show_items_desktop=&#8220;3&#8243; show_items_tablet=&#8220;2&#8243; transition_duration=&#8220;2000&#8243; centermode=&#8220;on&#8220; loop=&#8220;on&#8220; autoplay=&#8220;on&#8220; hoverpause=&#8220;on&#8220; arrow_nav=&#8220;on&#8220; item_spacing=&#8220;15px&#8220; item_vertical_align=&#8220;center&#8220; advanced_effect=&#8220;1&#8243; overlay_color_field_bgcolor=&#8220;rgba(255,255,255,0.85)&#8220; innercontent_padding=&#8220;0px|0px|0px|0px|false|true&#8220; _builder_version=&#8220;4.27.4&#8243; title_font=&#8220;||||||||&#8220; body_font=&#8220;||||||||&#8220; custom_margin=&#8220;|0px||0px||true&#8220; custom_padding=&#8220;0px||0px||false|false&#8220; hover_enabled=&#8220;0&#8243; global_colors_info=&#8220;{}&#8220; sticky_enabled=&#8220;0&#8243;][dica_divi_carouselitem button_url_new_window=&#8220;1&#8243; _builder_version=&#8220;4.27.4&#8243; _module_preset=&#8220;default&#8220; global_colors_info=&#8220;{}&#8220;]<img loading=\"lazy\" decoding=\"async\" src=\"https:\/\/www.hochzeits-djs.at\/home\/wp-content\/uploads\/2025\/05\/20250503_0054552.jpg\" width=\"1696\" height=\"1273\" alt=\"\" class=\"wp-image-32809 alignnone size-full\" srcset=\"https:\/\/www.hochzeits-djs.at\/home\/wp-content\/uploads\/2025\/05\/20250503_0054552.jpg 1696w, https:\/\/www.hochzeits-djs.at\/home\/wp-content\/uploads\/2025\/05\/20250503_0054552-1280x961.jpg 1280w, https:\/\/www.hochzeits-djs.at\/home\/wp-content\/uploads\/2025\/05\/20250503_0054552-980x736.jpg 980w, https:\/\/www.hochzeits-djs.at\/home\/wp-content\/uploads\/2025\/05\/20250503_0054552-480x360.jpg 480w\" sizes=\"(min-width: 0px) and (max-width: 480px) 480px, (min-width: 481px) and (max-width: 980px) 980px, (min-width: 981px) and (max-width: 1280px) 1280px, (min-width: 1281px) 1696px, 100vw\" \/>[\/dica_divi_carouselitem][dica_divi_carouselitem button_url_new_window=&#8220;1&#8243; _builder_version=&#8220;4.27.4&#8243; _module_preset=&#8220;default&#8220; hover_enabled=&#8220;0&#8243; global_colors_info=&#8220;{}&#8220; sticky_enabled=&#8220;0&#8243;]<img loading=\"lazy\" decoding=\"async\" src=\"https:\/\/www.hochzeits-djs.at\/home\/wp-content\/uploads\/2025\/05\/20250503_0036490.jpg\" width=\"1696\" height=\"1273\" alt=\"\" class=\"wp-image-32807 alignnone size-full\" srcset=\"https:\/\/www.hochzeits-djs.at\/home\/wp-content\/uploads\/2025\/05\/20250503_0036490.jpg 1696w, https:\/\/www.hochzeits-djs.at\/home\/wp-content\/uploads\/2025\/05\/20250503_0036490-1280x961.jpg 1280w, https:\/\/www.hochzeits-djs.at\/home\/wp-content\/uploads\/2025\/05\/20250503_0036490-980x736.jpg 980w, https:\/\/www.hochzeits-djs.at\/home\/wp-content\/uploads\/2025\/05\/20250503_0036490-480x360.jpg 480w\" sizes=\"(min-width: 0px) and (max-width: 480px) 480px, (min-width: 481px) and (max-width: 980px) 980px, (min-width: 981px) and (max-width: 1280px) 1280px, (min-width: 1281px) 1696px, 100vw\" \/>[\/dica_divi_carouselitem][dica_divi_carouselitem button_url_new_window=&#8220;1&#8243; _builder_version=&#8220;4.27.4&#8243; _module_preset=&#8220;default&#8220; hover_enabled=&#8220;0&#8243; global_colors_info=&#8220;{}&#8220; sticky_enabled=&#8220;0&#8243;]<img loading=\"lazy\" decoding=\"async\" src=\"https:\/\/www.hochzeits-djs.at\/home\/wp-content\/uploads\/2025\/05\/20250503_000101.jpg\" width=\"1696\" height=\"1273\" alt=\"\" class=\"wp-image-32806 alignnone size-full\" srcset=\"https:\/\/www.hochzeits-djs.at\/home\/wp-content\/uploads\/2025\/05\/20250503_000101.jpg 1696w, https:\/\/www.hochzeits-djs.at\/home\/wp-content\/uploads\/2025\/05\/20250503_000101-1280x961.jpg 1280w, https:\/\/www.hochzeits-djs.at\/home\/wp-content\/uploads\/2025\/05\/20250503_000101-980x736.jpg 980w, https:\/\/www.hochzeits-djs.at\/home\/wp-content\/uploads\/2025\/05\/20250503_000101-480x360.jpg 480w\" sizes=\"(min-width: 0px) and (max-width: 480px) 480px, (min-width: 481px) and (max-width: 980px) 980px, (min-width: 981px) and (max-width: 1280px) 1280px, (min-width: 1281px) 1696px, 100vw\" \/>[\/dica_divi_carouselitem][dica_divi_carouselitem button_url_new_window=&#8220;1&#8243; _builder_version=&#8220;4.27.4&#8243; _module_preset=&#8220;default&#8220; hover_enabled=&#8220;0&#8243; global_colors_info=&#8220;{}&#8220; sticky_enabled=&#8220;0&#8243;]<img loading=\"lazy\" decoding=\"async\" src=\"https:\/\/www.hochzeits-djs.at\/home\/wp-content\/uploads\/2025\/05\/20250502_235238.jpg\" width=\"1698\" height=\"1273\" alt=\"\" class=\"wp-image-32805 alignnone size-full\" srcset=\"https:\/\/www.hochzeits-djs.at\/home\/wp-content\/uploads\/2025\/05\/20250502_235238.jpg 1698w, https:\/\/www.hochzeits-djs.at\/home\/wp-content\/uploads\/2025\/05\/20250502_235238-1280x960.jpg 1280w, https:\/\/www.hochzeits-djs.at\/home\/wp-content\/uploads\/2025\/05\/20250502_235238-980x735.jpg 980w, https:\/\/www.hochzeits-djs.at\/home\/wp-content\/uploads\/2025\/05\/20250502_235238-480x360.jpg 480w\" sizes=\"(min-width: 0px) and (max-width: 480px) 480px, (min-width: 481px) and (max-width: 980px) 980px, (min-width: 981px) and (max-width: 1280px) 1280px, (min-width: 1281px) 1698px, 100vw\" \/>[\/dica_divi_carouselitem][dica_divi_carouselitem _builder_version=&#8220;4.27.4&#8243; _module_preset=&#8220;default&#8220; hover_enabled=&#8220;0&#8243; sticky_enabled=&#8220;0&#8243;]<img loading=\"lazy\" decoding=\"async\" src=\"https:\/\/www.hochzeits-djs.at\/home\/wp-content\/uploads\/2025\/07\/spiegelman-15-scaled.jpeg\" width=\"2560\" height=\"1920\" alt=\"DJ Markus Weiss &#038; der Spiegelmann Sax Show\" class=\"wp-image-32903 size-full\" srcset=\"https:\/\/www.hochzeits-djs.at\/home\/wp-content\/uploads\/2025\/07\/spiegelman-15-scaled.jpeg 2560w, https:\/\/www.hochzeits-djs.at\/home\/wp-content\/uploads\/2025\/07\/spiegelman-15-1280x960.jpeg 1280w, https:\/\/www.hochzeits-djs.at\/home\/wp-content\/uploads\/2025\/07\/spiegelman-15-980x735.jpeg 980w, https:\/\/www.hochzeits-djs.at\/home\/wp-content\/uploads\/2025\/07\/spiegelman-15-480x360.jpeg 480w\" sizes=\"(min-width: 0px) and (max-width: 480px) 480px, (min-width: 481px) and (max-width: 980px) 980px, (min-width: 981px) and (max-width: 1280px) 1280px, (min-width: 1281px) 2560px, 100vw\" \/> [\/dica_divi_carouselitem][dica_divi_carouselitem _builder_version=&#8220;4.27.4&#8243; _module_preset=&#8220;default&#8220; hover_enabled=&#8220;0&#8243; sticky_enabled=&#8220;0&#8243;]<img loading=\"lazy\" decoding=\"async\" src=\"https:\/\/www.hochzeits-djs.at\/home\/wp-content\/uploads\/2025\/07\/spiegelman-14-scaled.jpeg\" width=\"2560\" height=\"1920\" alt=\"DJ Markus Weiss &#038; der Spiegelmann Sax Show\" class=\"wp-image-32902 size-full\" srcset=\"https:\/\/www.hochzeits-djs.at\/home\/wp-content\/uploads\/2025\/07\/spiegelman-14-scaled.jpeg 2560w, https:\/\/www.hochzeits-djs.at\/home\/wp-content\/uploads\/2025\/07\/spiegelman-14-1280x960.jpeg 1280w, https:\/\/www.hochzeits-djs.at\/home\/wp-content\/uploads\/2025\/07\/spiegelman-14-980x735.jpeg 980w, https:\/\/www.hochzeits-djs.at\/home\/wp-content\/uploads\/2025\/07\/spiegelman-14-480x360.jpeg 480w\" sizes=\"(min-width: 0px) and (max-width: 480px) 480px, (min-width: 481px) and (max-width: 980px) 980px, (min-width: 981px) and (max-width: 1280px) 1280px, (min-width: 1281px) 2560px, 100vw\" \/>[\/dica_divi_carouselitem][dica_divi_carouselitem _builder_version=&#8220;4.27.4&#8243; _module_preset=&#8220;default&#8220; hover_enabled=&#8220;0&#8243; sticky_enabled=&#8220;0&#8243;]<img loading=\"lazy\" decoding=\"async\" src=\"https:\/\/www.hochzeits-djs.at\/home\/wp-content\/uploads\/2025\/07\/spiegelman-13-scaled.jpeg\" width=\"2560\" height=\"1920\" alt=\"DJ Markus Weiss &#038; der Spiegelmann Sax Show\" class=\"wp-image-32901 size-full\" srcset=\"https:\/\/www.hochzeits-djs.at\/home\/wp-content\/uploads\/2025\/07\/spiegelman-13-scaled.jpeg 2560w, https:\/\/www.hochzeits-djs.at\/home\/wp-content\/uploads\/2025\/07\/spiegelman-13-1280x960.jpeg 1280w, https:\/\/www.hochzeits-djs.at\/home\/wp-content\/uploads\/2025\/07\/spiegelman-13-980x735.jpeg 980w, https:\/\/www.hochzeits-djs.at\/home\/wp-content\/uploads\/2025\/07\/spiegelman-13-480x360.jpeg 480w\" sizes=\"(min-width: 0px) and (max-width: 480px) 480px, (min-width: 481px) and (max-width: 980px) 980px, (min-width: 981px) and (max-width: 1280px) 1280px, (min-width: 1281px) 2560px, 100vw\" \/> [\/dica_divi_carouselitem][dica_divi_carouselitem _builder_version=&#8220;4.27.4&#8243; _module_preset=&#8220;default&#8220; hover_enabled=&#8220;0&#8243; sticky_enabled=&#8220;0&#8243;]<img loading=\"lazy\" decoding=\"async\" src=\"https:\/\/www.hochzeits-djs.at\/home\/wp-content\/uploads\/2025\/07\/spiegelman-12-scaled.jpeg\" width=\"2560\" height=\"1919\" alt=\"DJ Markus Weiss &#038; der Spiegelmann Sax Show\" class=\"wp-image-32900 size-full\" srcset=\"https:\/\/www.hochzeits-djs.at\/home\/wp-content\/uploads\/2025\/07\/spiegelman-12-scaled.jpeg 2560w, https:\/\/www.hochzeits-djs.at\/home\/wp-content\/uploads\/2025\/07\/spiegelman-12-1280x960.jpeg 1280w, https:\/\/www.hochzeits-djs.at\/home\/wp-content\/uploads\/2025\/07\/spiegelman-12-980x735.jpeg 980w, https:\/\/www.hochzeits-djs.at\/home\/wp-content\/uploads\/2025\/07\/spiegelman-12-480x360.jpeg 480w\" sizes=\"(min-width: 0px) and (max-width: 480px) 480px, (min-width: 481px) and (max-width: 980px) 980px, (min-width: 981px) and (max-width: 1280px) 1280px, (min-width: 1281px) 2560px, 100vw\" \/> [\/dica_divi_carouselitem][dica_divi_carouselitem _builder_version=&#8220;4.27.4&#8243; _module_preset=&#8220;default&#8220; hover_enabled=&#8220;0&#8243; sticky_enabled=&#8220;0&#8243;]<img loading=\"lazy\" decoding=\"async\" src=\"https:\/\/www.hochzeits-djs.at\/home\/wp-content\/uploads\/2025\/07\/spiegelman-11-scaled.jpeg\" width=\"2560\" height=\"1920\" alt=\"DJ Markus Weiss &#038; der Spiegelmann Sax Show\" class=\"wp-image-32899 size-full\" srcset=\"https:\/\/www.hochzeits-djs.at\/home\/wp-content\/uploads\/2025\/07\/spiegelman-11-scaled.jpeg 2560w, https:\/\/www.hochzeits-djs.at\/home\/wp-content\/uploads\/2025\/07\/spiegelman-11-1280x960.jpeg 1280w, https:\/\/www.hochzeits-djs.at\/home\/wp-content\/uploads\/2025\/07\/spiegelman-11-980x735.jpeg 980w, https:\/\/www.hochzeits-djs.at\/home\/wp-content\/uploads\/2025\/07\/spiegelman-11-480x360.jpeg 480w\" sizes=\"(min-width: 0px) and (max-width: 480px) 480px, (min-width: 481px) and (max-width: 980px) 980px, (min-width: 981px) and (max-width: 1280px) 1280px, (min-width: 1281px) 2560px, 100vw\" \/>[\/dica_divi_carouselitem][dica_divi_carouselitem _builder_version=&#8220;4.27.4&#8243; _module_preset=&#8220;default&#8220; hover_enabled=&#8220;0&#8243; sticky_enabled=&#8220;0&#8243;]<img loading=\"lazy\" decoding=\"async\" src=\"https:\/\/www.hochzeits-djs.at\/home\/wp-content\/uploads\/2025\/07\/spiegelman-10-scaled.jpeg\" width=\"2560\" height=\"1920\" alt=\"DJ Markus Weiss &#038; der Spiegelmann Sax Show\" class=\"wp-image-32898 size-full\" srcset=\"https:\/\/www.hochzeits-djs.at\/home\/wp-content\/uploads\/2025\/07\/spiegelman-10-scaled.jpeg 2560w, https:\/\/www.hochzeits-djs.at\/home\/wp-content\/uploads\/2025\/07\/spiegelman-10-1280x960.jpeg 1280w, https:\/\/www.hochzeits-djs.at\/home\/wp-content\/uploads\/2025\/07\/spiegelman-10-980x735.jpeg 980w, https:\/\/www.hochzeits-djs.at\/home\/wp-content\/uploads\/2025\/07\/spiegelman-10-480x360.jpeg 480w\" sizes=\"(min-width: 0px) and (max-width: 480px) 480px, (min-width: 481px) and (max-width: 980px) 980px, (min-width: 981px) and (max-width: 1280px) 1280px, (min-width: 1281px) 2560px, 100vw\" \/>[\/dica_divi_carouselitem][dica_divi_carouselitem _builder_version=&#8220;4.27.4&#8243; _module_preset=&#8220;default&#8220; hover_enabled=&#8220;0&#8243; sticky_enabled=&#8220;0&#8243;]<img loading=\"lazy\" decoding=\"async\" src=\"https:\/\/www.hochzeits-djs.at\/home\/wp-content\/uploads\/2025\/07\/spiegelman-16-scaled.jpeg\" width=\"2560\" height=\"1920\" alt=\"DJ Markus Weiss &#038; der Spiegelmann Sax Show\" class=\"wp-image-32909 size-full\" srcset=\"https:\/\/www.hochzeits-djs.at\/home\/wp-content\/uploads\/2025\/07\/spiegelman-16-scaled.jpeg 2560w, https:\/\/www.hochzeits-djs.at\/home\/wp-content\/uploads\/2025\/07\/spiegelman-16-1280x960.jpeg 1280w, https:\/\/www.hochzeits-djs.at\/home\/wp-content\/uploads\/2025\/07\/spiegelman-16-980x735.jpeg 980w, https:\/\/www.hochzeits-djs.at\/home\/wp-content\/uploads\/2025\/07\/spiegelman-16-480x360.jpeg 480w\" sizes=\"(min-width: 0px) and (max-width: 480px) 480px, (min-width: 481px) and (max-width: 980px) 980px, (min-width: 981px) and (max-width: 1280px) 1280px, (min-width: 1281px) 2560px, 100vw\" \/> [\/dica_divi_carouselitem][\/dica_divi_carousel][\/et_pb_column][\/et_pb_row][et_pb_row _builder_version=&#8220;4.27.4&#8243; _module_preset=&#8220;default&#8220; background_color=&#8220;RGBA(255,255,255,0)&#8220; global_colors_info=&#8220;{}&#8220;][et_pb_column type=&#8220;4_4&#8243; _builder_version=&#8220;4.27.4&#8243; _module_preset=&#8220;default&#8220; global_colors_info=&#8220;{}&#8220;][\/et_pb_column][\/et_pb_row][\/et_pb_section]<\/p>\n","protected":false},"excerpt":{"rendered":"<p>Hochzeits-DJ&#8217;s feat. &#8222;Der Spiegelmann&#8220; Sax Show &#8211; Das preisgekr\u00f6nte Showhighlight f\u00fcr eure Traumhochzeit! Ihr sucht ein Highlight, das eure Hochzeit nochunvergesslicher macht?\u00a0 Dann haben wir genau das Richtige f\u00fcr euch: &#8222;Die Spiegelman&#8220; Sax Show \u2013 kombiniert mit dem gewohnt herausragenden Sound von DJ Markus Weiss &amp; Team. Hier trifft mitrei\u00dfende DJ-Musik, die eure Party zum [&hellip;]<\/p>\n","protected":false},"author":1,"featured_media":0,"parent":0,"menu_order":0,"comment_status":"closed","ping_status":"closed","template":"","meta":{"_et_pb_use_builder":"on","_et_pb_old_content":"","_et_gb_content_width":"","footnotes":""},"class_list":["post-32802","page","type-page","status-publish","hentry"],"_links":{"self":[{"href":"https:\/\/www.hochzeits-djs.at\/home\/wp-json\/wp\/v2\/pages\/32802","targetHints":{"allow":["GET"]}}],"collection":[{"href":"https:\/\/www.hochzeits-djs.at\/home\/wp-json\/wp\/v2\/pages"}],"about":[{"href":"https:\/\/www.hochzeits-djs.at\/home\/wp-json\/wp\/v2\/types\/page"}],"author":[{"embeddable":true,"href":"https:\/\/www.hochzeits-djs.at\/home\/wp-json\/wp\/v2\/users\/1"}],"replies":[{"embeddable":true,"href":"https:\/\/www.hochzeits-djs.at\/home\/wp-json\/wp\/v2\/comments?post=32802"}],"version-history":[{"count":32,"href":"https:\/\/www.hochzeits-djs.at\/home\/wp-json\/wp\/v2\/pages\/32802\/revisions"}],"predecessor-version":[{"id":32910,"href":"https:\/\/www.hochzeits-djs.at\/home\/wp-json\/wp\/v2\/pages\/32802\/revisions\/32910"}],"wp:attachment":[{"href":"https:\/\/www.hochzeits-djs.at\/home\/wp-json\/wp\/v2\/media?parent=32802"}],"curies":[{"name":"wp","href":"https:\/\/api.w.org\/{rel}","templated":true}]}}